{"id":579,"date":"2015-03-11T08:48:24","date_gmt":"2015-03-11T08:48:24","guid":{"rendered":"http:\/\/quanticalabs.com\/wp_themes2\/norge\/?page_id=13"},"modified":"2025-11-03T18:57:24","modified_gmt":"2025-11-03T18:57:24","slug":"hakkimizda","status":"publish","type":"page","link":"https:\/\/www.aynastro.com\/blog\/hakkimizda\/","title":{"rendered":"Hakk\u0131m\u0131zda"},"content":{"rendered":"<p class=\"pb-top-0 pb-bottom-0\" style=\"text-align: center;\">Aynastro&#8217;nun kozmik d\u00fcnyas\u0131na ho\u015f geldiniz. G\u00f6ky\u00fcz\u00fcn\u00fcn rehberli\u011fini, do\u011fum haritan\u0131z\u0131n s\u0131rlar\u0131n\u0131 ve astrolojinin derin bilgeli\u011fini ke\u015ffetmek i\u00e7in do\u011fru yerdesiniz. Potansiyelinizi bizimle yeniden tan\u0131mlay\u0131n.<\/p>\n<p><div class=\"pb-space-line\"><\/div><div class=\"pb-space pb-clear-fix\" style=\"height:80px;\"><\/div><br \/>\n<div id=\"pb_line_43E984AA2E05645A59D18EA214FE99E9\"  class=\"pb-line pb-clear-fix\" style=\"background-repeat:no-repeat;\"><ul class=\"pb-layout pb-layout-33x33x33 pb-reset-list pb-clear-fix pb-main\"><br \/>\n<li class=\"pb-layout-column-left\"> <div class=\"pb-space-line\"><\/div><div><\/p>\n<h4>Misyonumuz<\/h4>\n<p>Aynastro olarak misyonumuz, kadim astroloji bilgeli\u011fini modern ya\u015fam\u0131n ihtiya\u00e7lar\u0131yla harmanlayarak sizlere sunmakt\u0131r. Do\u011fum haritan\u0131z\u0131 derinlemesine bir i\u00e7g\u00f6r\u00fc aynas\u0131na d\u00f6n\u00fc\u015ft\u00fcr\u00fcr, potansiyelinizi ortaya \u00e7\u0131karman\u0131za yard\u0131mc\u0131 oluruz. Her dan\u0131\u015fmanl\u0131k seans\u0131m\u0131zda etik de\u011ferlere ba\u011fl\u0131 kalarak, g\u00fcvenilir ve ki\u015fiselle\u015ftirilmi\u015f rehberlik ile ya\u015fam yolculu\u011funuzun kontrol\u00fcn\u00fc elinize alman\u0131z\u0131 sa\u011flamay\u0131 hedefleriz.<br \/>\n<\/div><\/li><br \/>\n<li class=\"pb-layout-column-center\"> <div class=\"pb-space-line\"><\/div><div><img loading=\"lazy\" decoding=\"async\" class=\"alignnone size-full wp-image-118 theme-image-circle\" src=\"http:\/\/www.aynastro.com\/blog\/wp-content\/uploads\/2025\/11\/AYNASTRO-LOGO-scaled.jpg\" alt=\"Aynastro Logo\" width=\"340\" height=\"340\" \/><\/div><\/li><br \/>\n<li class=\"pb-layout-column-right\"> <div class=\"pb-space-line\"><\/div><div><\/p>\n<h4>Vizyonumuz<\/h4>\n<p>Vizyonumuz, karma\u015f\u0131k ve mistik g\u00f6r\u00fcnen g\u00f6ky\u00fcz\u00fc bilgeli\u011fini herkesin anlayabilece\u011fi, eri\u015filebilir ve d\u00f6n\u00fc\u015ft\u00fcr\u00fcc\u00fc i\u00e7g\u00f6r\u00fclere \u00e7evirmektir. Astrolojik dan\u0131\u015fmanl\u0131\u011f\u0131n bireysel geli\u015fim \u00fczerindeki g\u00fc\u00e7l\u00fc etkilerini geni\u015f kitlelere ula\u015ft\u0131rarak, daha bilin\u00e7li, huzurlu ve kendi yolunda ilerleyen bir toplum in\u015fa etmeye katk\u0131da bulunmakt\u0131r. Herkesin astrolojinin sundu\u011fu f\u0131rsatlardan faydalanabilece\u011fi bir gelecek d\u00fc\u015fl\u00fcyoruz.<br \/>\n<\/div><\/li><br \/>\n<\/ul><\/div><div class=\"pb-script-tag\"><script type=\"text\/javascript\">jQuery(document).ready(function($){$(\"#pb_line_43E984AA2E05645A59D18EA214FE99E9\").PBLayout({\"bg_parallax_speed\":\"30\",\"bg_parallax_enable\":\"0\",\"bg_parallax_mobile_enable\":\"0\"},0);});<\/script><\/div><br \/>\n<div class=\"pb-blockquote\"><div class=\"pb-blockquote-line-top\"><\/div><blockquote><p>Her harita benzersiz bir ruh s\u00f6zle\u015fmesidir. Ge\u00e7mi\u015fi anla, potansiyelini kucakla ve gelece\u011fine y\u00f6n ver.<\/p>\n<\/blockquote><div class=\"pb-blockquote-line-bottom\"><\/div><\/div><\/p>\n<div class=\"pb-space-line\"><\/div><div class=\"pb-space pb-clear-fix\" style=\"height:30px;\"><\/div>\n<p style=\"text-align: center; font-size: 16px;\">\n  <a href=\"https:\/\/wa.me\/905344202962\" target=\"_blank\" rel=\"noopener noreferrer\" \n     style=\"text-decoration: none;\" \n     onmouseover=\"this.style.textDecoration='underline'\" \n     onmouseout=\"this.style.textDecoration='none'\"><br \/>\n    Dan\u0131\u015fmanl\u0131k i\u00e7in bize ula\u015f\u0131n.<br \/>\n  <\/a><\/p>\n","protected":false},"excerpt":{"rendered":"<p>Aynastro&#8217;nun kozmik d\u00fcnyas\u0131na ho\u015f geldiniz. G\u00f6ky\u00fcz\u00fcn\u00fcn rehberli\u011fini, do\u011fum haritan\u0131z\u0131n s\u0131rlar\u0131n\u0131 ve astrolojinin derin bilgeli\u011fini ke\u015ffetmek i\u00e7in do\u011fru yerdesiniz. Potansiyelinizi bizimle yeniden tan\u0131mlay\u0131n. Dan\u0131\u015fmanl\u0131k i\u00e7in bize ula\u015f\u0131n.<\/p>\n","protected":false},"author":1,"featured_media":0,"parent":0,"menu_order":0,"comment_status":"closed","ping_status":"closed","template":"page.php","meta":{"_themeisle_gutenberg_block_has_review":false,"footnotes":""},"class_list":["post-579","page","type-page","status-publish","hentry"],"_links":{"self":[{"href":"https:\/\/www.aynastro.com\/blog\/wp-json\/wp\/v2\/pages\/579","targetHints":{"allow":["GET"]}}],"collection":[{"href":"https:\/\/www.aynastro.com\/blog\/wp-json\/wp\/v2\/pages"}],"about":[{"href":"https:\/\/www.aynastro.com\/blog\/wp-json\/wp\/v2\/types\/page"}],"author":[{"embeddable":true,"href":"https:\/\/www.aynastro.com\/blog\/wp-json\/wp\/v2\/users\/1"}],"replies":[{"embeddable":true,"href":"https:\/\/www.aynastro.com\/blog\/wp-json\/wp\/v2\/comments?post=579"}],"version-history":[{"count":4,"href":"https:\/\/www.aynastro.com\/blog\/wp-json\/wp\/v2\/pages\/579\/revisions"}],"predecessor-version":[{"id":1007,"href":"https:\/\/www.aynastro.com\/blog\/wp-json\/wp\/v2\/pages\/579\/revisions\/1007"}],"wp:attachment":[{"href":"https:\/\/www.aynastro.com\/blog\/wp-json\/wp\/v2\/media?parent=579"}],"curies":[{"name":"wp","href":"https:\/\/api.w.org\/{rel}","templated":true}]}}